{"id":274,"date":"2022-02-20T10:24:40","date_gmt":"2022-02-20T09:24:40","guid":{"rendered":"https:\/\/dumanycs.ae\/?page_id=274"},"modified":"2022-03-18T17:30:27","modified_gmt":"2022-03-18T16:30:27","slug":"registration-services-in-government-entities","status":"publish","type":"page","link":"https:\/\/dumanycs.ae\/de\/business-services\/registration-services-in-government-entities\/","title":{"rendered":"Registrierungsdienste in staatlichen Einrichtungen"},"content":{"rendered":"<p>Die Registrierung in \u00f6ffentlichen Einrichtungen der VAE ist eine besondere Art von Dienstleistung und wird hier von einer speziell autorisierten Registrierungsbeh\u00f6rde erbracht.<\/p>\n\n\n\n<p>Diese Art von Dienstleistungen sind fr\u00fcher oder sp\u00e4ter f\u00fcr jeden notwendig, da sie mit der Registrierung bestimmter Sachverhalte im rechtlichen Bereich verbunden sind. Dazu geh\u00f6ren die Gr\u00fcndung einer juristischen Person, \u00c4nderungen der Gr\u00fcndungsdokumente, Umstrukturierungen, Liquidationen, die Ausstellung verschiedener Arten von Visa, die Erteilung von Genehmigungen f\u00fcr die Aus\u00fcbung von Gesch\u00e4ftst\u00e4tigkeiten usw. Jeder dieser Vorg\u00e4nge wird nach einem bestimmten Verfahren f\u00fcr Rechtsakte abgewickelt.<\/p>\n\n\n\n<div style=\"height:25px\" aria-hidden=\"true\" class=\"wp-block-spacer\"><\/div>\n\n\n\n<p>Es ist wichtig zu verstehen, dass Registrierungsdienstleistungen ein Komplex von Dienstleistungen sind. Sie k\u00f6nnen eine Vielzahl von Registrierungsdienstleistungen umfassen, die die Einreichung eines bestimmten Pakets von Dokumenten erfordern, um sie zu erhalten.<\/p>\n\n\n\n<p>Das professionelle Team von DUMANY wei\u00df, wie wichtig rechtlich einwandfreie Vertr\u00e4ge sind, und wir sch\u00fctzen unsere Mandanten strikt vor kostspieligen \u00dcberraschungen, die Unternehmern bei unvorsichtigem Vorgehen drohen k\u00f6nnen. Sie k\u00f6nnen sich jederzeit an uns wenden und uns um Hilfe bei der Erledigung einer bestimmten Angelegenheit bitten. Wenn Sie keine Lust haben, sich mit den Gestaltungsmerkmalen zu befassen, dann beauftragen Sie daf\u00fcr am besten Spezialisten. So k\u00f6nnen Sie sich auf die Korrektheit der Aktivit\u00e4ten Ihres Unternehmens verlassen und m\u00fcssen sich nicht um die verschiedenen Inspektionen durch staatliche Kontrollstellen sorgen.<\/p>","protected":false},"excerpt":{"rendered":"<p>Registration services in public institutions of the UAE is a specific type of service and here it is provided by a special authorized registration authority. These types of services are sooner or later necessary for everyone since they are associated with the registration of certain facts in the legal field. Such facts include the creation [&hellip;]<\/p>\n","protected":false},"author":3,"featured_media":0,"parent":265,"menu_order":0,"comment_status":"closed","ping_status":"closed","template":"","meta":{"_seopress_robots_primary_cat":"","_seopress_titles_title":"","_seopress_titles_desc":"","_seopress_robots_index":"","_seopress_analysis_target_kw":"","footnotes":""},"seiten-taxonomie":[12],"class_list":["post-274","page","type-page","status-publish","hentry","seiten-taxonomie-content-long"],"meta_box":{"show-logos":"1","show-benefits":"1"},"_links":{"self":[{"href":"https:\/\/dumanycs.ae\/de\/wp-json\/wp\/v2\/pages\/274","targetHints":{"allow":["GET"]}}],"collection":[{"href":"https:\/\/dumanycs.ae\/de\/wp-json\/wp\/v2\/pages"}],"about":[{"href":"https:\/\/dumanycs.ae\/de\/wp-json\/wp\/v2\/types\/page"}],"author":[{"embeddable":true,"href":"https:\/\/dumanycs.ae\/de\/wp-json\/wp\/v2\/users\/3"}],"replies":[{"embeddable":true,"href":"https:\/\/dumanycs.ae\/de\/wp-json\/wp\/v2\/comments?post=274"}],"version-history":[{"count":4,"href":"https:\/\/dumanycs.ae\/de\/wp-json\/wp\/v2\/pages\/274\/revisions"}],"predecessor-version":[{"id":530,"href":"https:\/\/dumanycs.ae\/de\/wp-json\/wp\/v2\/pages\/274\/revisions\/530"}],"up":[{"embeddable":true,"href":"https:\/\/dumanycs.ae\/de\/wp-json\/wp\/v2\/pages\/265"}],"wp:attachment":[{"href":"https:\/\/dumanycs.ae\/de\/wp-json\/wp\/v2\/media?parent=274"}],"wp:term":[{"taxonomy":"seiten-taxonomie","embeddable":true,"href":"https:\/\/dumanycs.ae\/de\/wp-json\/wp\/v2\/seiten-taxonomie?post=274"}],"curies":[{"name":"wp","href":"https:\/\/api.w.org\/{rel}","templated":true}]}}